{"id":3,"date":"2022-08-23T09:58:02","date_gmt":"2022-08-23T09:58:02","guid":{"rendered":"https:\/\/www.povestiromantice.ro\/?page_id=3"},"modified":"2022-09-21T08:54:33","modified_gmt":"2022-09-21T05:54:33","slug":"privacy-policy","status":"publish","type":"page","link":"https:\/\/www.povestiromantice.ro\/en\/privacy-policy\/","title":{"rendered":"Privacy policy"},"content":{"rendered":"<p><strong>House of Culture &quot;Ion Creang\u0103&quot; T\u00e2rgu Neam\u021b<\/strong> as the owner, administrator of the site, respects the privacy and security of the processing of personal data of each person who visits this site.<\/p>\r\n<p>\u00a0\u00a0\u00a0\u00a0\u00a0\u00a0\u00a0\u00a0\u00a0\u00a0\u00a0 In accordance with the provisions of Law no. 677\/2001 for the protection of individuals regarding the processing of personal data and the free movement of such data and Law no. 506\/2004 regarding the processing of personal data and the protection of private life, the &quot;Ion Creang\u0103&quot; Cultural House T\u00e2rgu Neam\u021b has the obligation to administer in safe conditions and only for the purposes specified below, the personal data you provide us about you, a your family member or another person.<\/p>\r\n<p>\u00a0 \u00a0 \u00a0 \u00a0 \u00a0 <strong>House of Culture &quot;Ion Creang\u0103&quot; T\u00e2rgu Neam\u021b<\/strong> undertakes to maintain the confidentiality of the personal data provided by you through the website, etc., as provided by the provisions of Law 677\/2001 with subsequent amendments regarding the protection of personal data.<\/p>\r\n<p>\u00a0\u00a0\u00a0\u00a0\u00a0\u00a0\u00a0 In accordance with the provisions of Law no. 677\/2001, registered persons, as data subjects, have the following rights:<\/p>\r\n<ul>\r\n<li>the right to information (art. 12);<\/li>\r\n<li>the right of access to personal data (art. 13);<\/li>\r\n<li>the right to intervene on personal data (art. 14);<\/li>\r\n<li>the right of opposition (art. 15);<\/li>\r\n<li>the right to be subject to an individual decision (art. 17);<\/li>\r\n<li>the right to go to justice (art. 18).<\/li>\r\n<\/ul>\r\n<p>\u00a0\u00a0\u00a0 \u00a0\u00a0\u00a0Any information provided by you will be considered and will represent your express consent for your personal data to be used in accordance with the purposes mentioned below.<\/p>\r\n<p>\u00a0\u00a0\u00a0\u00a0 If you do not want your data to be collected, please do not provide it to us.<\/p>\r\n<p>\u00a0\u00a0\u00a0\u00a0 If you want your personal data to be updated or removed from the database, you can notify us at any time at the following address: B-dul \u015etefan cel Mare, No. 55, code 615200, T\u00eergu Neam\u0163, Neam\u0163 county, or to the email address: office@povestiromantice.ro<\/p>\r\n<p><strong>Purpose of data collection<\/strong><\/p>\r\n<p>\u00a0\u00a0\u00a0\u00a0 When you provide us with personal data, we may use it for the following stated purposes, unless otherwise specified:<\/p>\r\n<ul>\r\n<li>to ensure that the website is relevant to your needs;<\/li>\r\n<li>registration in programs for displaying website pages in the form of news, articles, announcements;<\/li>\r\n<\/ul>\r\n<p>\u00a0 \u00a0 Casa Culturii &quot;Ion Creang\u0103&quot; T\u00e2rgu Neam\u021b may disclose personal data to third parties if this is required by law or in cases of good faith where these actions are necessary to comply with legal provisions; protecting and defending the property rights of the House of Culture &quot;Ion Creang\u0103&quot; T\u00e2rgu Neam\u021b and the current website; acting in emergency circumstances to protect the personal safety of employees, users of products or services.<\/p>\r\n<p>\u00a0\u00a0\u00a0 When Casa Culturii &quot;Ion Creang\u0103&quot; T\u00e2rgu Neam\u021b is requested to provide personal data or we are allowed to do so, only those data necessary for the strict fulfillment of the object of the request will be disclosed.<\/p>\r\n<p><strong>What personal data we collect and why we collect it<\/strong><\/p>\r\n<p><em>Contact forms or other forms<\/em><\/p>\r\n<p>The information collected is: name, email address, phone number, message to the site.<\/p>\r\n<p>Contact forms are kept for a certain period of time for the purpose of serving customers, but we do not use the information submitted in them for marketing purposes.<\/p>\r\n<p><em>Comments<\/em><\/p>\r\n<p>When visitors leave comments on the site, we collect the data shown in the comment forms, but also the visitor&#039;s IP address and browser user agent string to help us detect spam.<\/p>\r\n<p><em>Analytical<\/em><\/p>\r\n<p>We use Google Analytics to track the number of visitors, what kind of device they use when they enter our site, and from which site they arrive as a visitor to our site. This data is anonymous.<\/p>\r\n<p><em>What rights do you have over your data?<\/em><\/p>\r\n<p>If you have an account or have left comments on this website, you can request to receive an export file of the personal data we hold about you, including any data you have provided to us. You can also ask us to delete any personal data we hold about you. This does not include all data that we are required to retain for administrative, legal or security purposes.<\/p>\r\n<p><em>Where we send your data<\/em><\/p>\r\n<p>Visitor comments may be checked by an automated spam detection service.<\/p>\r\n<p><em>Contact information<\/em><\/p>\r\n<ul>\r\n<li><strong>Phone: <a href=\"tel:0233790404\">0233-790404<\/a><\/strong><\/li>\r\n<li><strong>Mail: office@povestiromantice.ro<\/strong><\/li>\r\n<\/ul>\r\n<p><em>How we protect your data<\/em><\/p>\r\n<p>Your personal data is protected in the secure administration panel of our website.<\/p>\r\n<p><strong>Collection of personal data<\/strong><\/p>\r\n<p>\u00a0\u00a0\u00a0 In addition to the above, the collection of personal data on the current website involves:<\/p>\r\n<ul>\r\n<li>providing the information requested and marked as mandatory, including personal data.<\/li>\r\n<\/ul>\r\n<p><strong>We use the personal data collected through forms for the following purposes:<\/strong><\/p>\r\n<ul>\r\n<li>communication with website visitors;<\/li>\r\n<li>receiving feedback from website visitors;<\/li>\r\n<\/ul>\r\n<p>Personal data may be disclosed without your consent in case of litigation\/disputes regarding fraud, to the authorized institutions.<\/p>\r\n<p>Use of statistical data and anonymous data<\/p>\r\n<p>Casa Culturii &quot;Ion Creang\u0103&quot; T\u00e2rgu Neam\u021b can use statistical data or anonymous data resulting from processing for the following purposes:<\/p>\r\n<ul>\r\n<li>creating reports\/analyses;<\/li>\r\n<li>obtaining information for own purposes;<\/li>\r\n<li>publishing, promoting, offering services.<\/li>\r\n<\/ul>\r\n<p><strong>Thank you!<\/strong><\/p>","protected":false},"excerpt":{"rendered":"<p>The &quot;Ion Creang\u0103&quot; Cultural House T\u00e2rgu Neam\u021b, as owner and administrator of the site, respects the privacy and security of the processing of personal data of each person who visits this site. In accordance with the provisions of Law no. 677\/2001 for the protection of individuals with regard to the processing of personal data and the free movement of such data [\u2026]<\/p>","protected":false},"author":1,"featured_media":0,"parent":0,"menu_order":0,"comment_status":"closed","ping_status":"open","template":"","meta":{"footnotes":""},"class_list":["post-3","page","type-page","status-publish","hentry"],"_links":{"self":[{"href":"https:\/\/www.povestiromantice.ro\/en\/wp-json\/wp\/v2\/pages\/3","targetHints":{"allow":["GET"]}}],"collection":[{"href":"https:\/\/www.povestiromantice.ro\/en\/wp-json\/wp\/v2\/pages"}],"about":[{"href":"https:\/\/www.povestiromantice.ro\/en\/wp-json\/wp\/v2\/types\/page"}],"author":[{"embeddable":true,"href":"https:\/\/www.povestiromantice.ro\/en\/wp-json\/wp\/v2\/users\/1"}],"replies":[{"embeddable":true,"href":"https:\/\/www.povestiromantice.ro\/en\/wp-json\/wp\/v2\/comments?post=3"}],"version-history":[{"count":1,"href":"https:\/\/www.povestiromantice.ro\/en\/wp-json\/wp\/v2\/pages\/3\/revisions"}],"predecessor-version":[{"id":263,"href":"https:\/\/www.povestiromantice.ro\/en\/wp-json\/wp\/v2\/pages\/3\/revisions\/263"}],"wp:attachment":[{"href":"https:\/\/www.povestiromantice.ro\/en\/wp-json\/wp\/v2\/media?parent=3"}],"curies":[{"name":"wp","href":"https:\/\/api.w.org\/{rel}","templated":true}]}}